{"id":2160,"date":"2021-07-12T19:24:12","date_gmt":"2021-07-12T17:24:12","guid":{"rendered":"http:\/\/www.a320simulator.at\/?page_id=2160"},"modified":"2021-07-12T21:13:06","modified_gmt":"2021-07-12T19:13:06","slug":"flugzeugtype","status":"publish","type":"page","link":"http:\/\/www.a320simulator.at\/?page_id=2160","title":{"rendered":"Flugzeugtype"},"content":{"rendered":"\n<p><br><\/p>\n\n\n\n<div class=\"wp-block-media-text alignwide\"><figure class=\"wp-block-media-text__media\"><img loading=\"lazy\" decoding=\"async\" width=\"1024\" height=\"576\" src=\"http:\/\/www.a320simulator.at\/wp-content\/uploads\/2021\/07\/neu-1-1024x576.jpg\" alt=\"\" class=\"wp-image-2169\" srcset=\"http:\/\/www.a320simulator.at\/wp-content\/uploads\/2021\/07\/neu-1.jpg 1024w, http:\/\/www.a320simulator.at\/wp-content\/uploads\/2021\/07\/neu-1-300x169.jpg 300w, http:\/\/www.a320simulator.at\/wp-content\/uploads\/2021\/07\/neu-1-768x432.jpg 768w\" sizes=\"auto, (max-width: 1024px) 100vw, 1024px\" \/><\/figure><div class=\"wp-block-media-text__content\">\n<p class=\"has-large-font-size\">A320-200 <\/p>\n\n\n\n<p><em>OE-IQD<\/em> <br><em>Eurowings<\/em> Holidays  <\/p>\n\n\n\n<p><\/p>\n<\/div><\/div>\n\n\n\n<table class=\"wp-block-table\"><tbody><tr><th>Sitzpl\u00e4tze<\/th><td>178<\/td><\/tr><tr><th>L\u00e4nge<\/th><td>33,84 m<\/td><\/tr><tr><th>H\u00f6he<\/th><td>11.76 m &nbsp;<\/td><\/tr><tr><th>Spannweite<\/th><td>34,1 m<\/td><\/tr><tr><th>Max. Abflugmasse<\/th><td>68000 Kg \/ 75.500 Kg<\/td><\/tr><tr><th>Max. Landemasse<\/th><td>61000 Kg \/ 62.500 Kg<\/td><\/tr><tr><th>Tankinhalt (Kerosin)<\/th><td>18.695 l \/ 18.730 l<\/td><\/tr><\/tbody><\/table>\n\n\n\n<table class=\"wp-block-table\"><tbody><tr><th>Max. Reichweite<\/th><td>4.200 NM<\/td><\/tr><tr><th>Max. Flugreiseh\u00f6he<\/th><td>12.130 m \/ 39,800 ft.<\/td><\/tr><tr><th>Triebwerke<\/th><td>2x CFM 56-5B6P \/ IAE V2500-A5<\/td><\/tr><tr><th>Max. Standschub<\/th><td>2x 23,500 lbs \/ 2x 24,000 lbs<\/td><\/tr><tr><th>Max. Abhebegeschwindigkeit (voll)<\/th><td>342 Km\/h<\/td><\/tr><tr><th>Max. Reisegeschwindigkeit<\/th><td>913 Km\/h \/ M 0.82<\/td><\/tr><tr><th>Max. Landegeschwindigkeit<\/th><td>342 Km\/h<\/td><\/tr><\/tbody><\/table>\n","protected":false},"excerpt":{"rendered":"<p>A320-200 OE-IQD Eurowings Holidays Sitzpl\u00e4tze 178 L\u00e4nge 33,84 m H\u00f6he 11.76 m &nbsp; Spannweite 34,1 m Max. Abflugmasse 68000 Kg \/ 75.500 Kg Max. Landemasse 61000 Kg \/ 62.500 Kg<\/p>\n<p class=\"more-link\"><a href=\"http:\/\/www.a320simulator.at\/?page_id=2160\" class=\"themebutton2\">Read More<\/a><\/p>\n","protected":false},"author":1,"featured_media":0,"parent":0,"menu_order":0,"comment_status":"closed","ping_status":"closed","template":"","meta":{"footnotes":""},"class_list":["post-2160","page","type-page","status-publish","hentry"],"_links":{"self":[{"href":"http:\/\/www.a320simulator.at\/index.php?rest_route=\/wp\/v2\/pages\/2160","targetHints":{"allow":["GET"]}}],"collection":[{"href":"http:\/\/www.a320simulator.at\/index.php?rest_route=\/wp\/v2\/pages"}],"about":[{"href":"http:\/\/www.a320simulator.at\/index.php?rest_route=\/wp\/v2\/types\/page"}],"author":[{"embeddable":true,"href":"http:\/\/www.a320simulator.at\/index.php?rest_route=\/wp\/v2\/users\/1"}],"replies":[{"embeddable":true,"href":"http:\/\/www.a320simulator.at\/index.php?rest_route=%2Fwp%2Fv2%2Fcomments&post=2160"}],"version-history":[{"count":3,"href":"http:\/\/www.a320simulator.at\/index.php?rest_route=\/wp\/v2\/pages\/2160\/revisions"}],"predecessor-version":[{"id":2170,"href":"http:\/\/www.a320simulator.at\/index.php?rest_route=\/wp\/v2\/pages\/2160\/revisions\/2170"}],"wp:attachment":[{"href":"http:\/\/www.a320simulator.at\/index.php?rest_route=%2Fwp%2Fv2%2Fmedia&parent=2160"}],"curies":[{"name":"wp","href":"https:\/\/api.w.org\/{rel}","templated":true}]}}