{"id":1757,"date":"2018-08-23T18:57:41","date_gmt":"2018-08-23T16:57:41","guid":{"rendered":"http:\/\/www.a320simulator.at\/?page_id=1757"},"modified":"2018-11-13T17:41:55","modified_gmt":"2018-11-13T15:41:55","slug":"die-entstehung","status":"publish","type":"page","link":"http:\/\/www.a320simulator.at\/?page_id=1757","title":{"rendered":"Die Entstehung"},"content":{"rendered":"<h4>Der Schritt zur Verwirklichung<\/h4>\n<p>Der Traum vom Fliegen begeistert mich seit Kindesalter. Anfangs waren es die kleinen Modellflugzeuge, die ihre Kreise \u00fcber dem Platz drehten. Mit der Leidenschaft zu PC und Simulation wurde ich eines Tages auf den Flugsimulator FS95 aufmerksam. Von da an folgten weitere Simulatoren, wie der FS98, FS2002, FS2004, FSX, P3d V2, P3d V3 bis heute zum P3d V4. Bereits mit dem FSX hatte ich ein sogenanntes &#8222;Tischcockpit&#8220; das aus div. Panels aufgebaut war um im Simulationsbetrieb den einen oder anderen Schalter zu bedienen.<\/p>\n<p><img loading=\"lazy\" decoding=\"async\" class=\"size-medium wp-image-1628 alignleft\" src=\"http:\/\/www.a320simulator.at\/wp-content\/uploads\/2018\/08\/P1060330-300x225.png\" alt=\"\" width=\"300\" height=\"225\" \/><img loading=\"lazy\" decoding=\"async\" class=\"size-medium wp-image-1629 alignleft\" src=\"http:\/\/www.a320simulator.at\/wp-content\/uploads\/2018\/08\/P1060338-300x225.png\" alt=\"\" width=\"300\" height=\"225\" \/><\/p>\n<p>&nbsp;<\/p>\n<p>&nbsp;<\/p>\n<p>&nbsp;<\/p>\n<p>&nbsp;<\/p>\n<p>&nbsp;<\/p>\n<p>&nbsp;<\/p>\n<p>&nbsp;<\/p>\n<p>Zu meinen Geburtstag erhielt ich von meiner Frau einen Gutschein f\u00fcr einen 2,5h Flug in einem Fixed Base B737 Flugsimulator . Dieser war der Ausl\u00f6ser f\u00fcr den Wunsch nach einem eigenen Cockpit zuhause. Die Wahl zum Modell war bereits durch diverse Addons bereits vorgegeben und mit Hilfe von Foren sollte der Traum langsam Wirklichkeit werden.<\/p>\n<p><img loading=\"lazy\" decoding=\"async\" class=\"alignleft size-medium wp-image-1638\" src=\"http:\/\/www.a320simulator.at\/wp-content\/uploads\/2018\/08\/1-300x225.png\" alt=\"\" width=\"300\" height=\"225\" \/> <img loading=\"lazy\" decoding=\"async\" class=\"alignleft size-medium wp-image-1639\" src=\"http:\/\/www.a320simulator.at\/wp-content\/uploads\/2018\/08\/2-300x225.png\" alt=\"\" width=\"300\" height=\"225\" \/><\/p>\n<p>&nbsp;<\/p>\n<p>&nbsp;<\/p>\n<p>&nbsp;<\/p>\n<p>&nbsp;<\/p>\n<p>&nbsp;<\/p>\n<p>&nbsp;<\/p>\n<p>&nbsp;<\/p>\n<p>Seit August 2017 bin ich nun dabei einen Airbus A320-214 massstabsgetreu im Selbstbau nachzubilden und stelle diesen hier hin und wieder mit einzelnen Abschnitten vor. Es gibt heute im Internet sehr viele fertige Komponenten, mit denen bis zur Fertigstellung des Simulators eine enorme Summe n\u00f6tig ist. Ich habe das Gl\u00fcck, einen Technischen Beruf erlernt zu haben, was mir beim Bau des Simulators den einen oder anderen Euro einspart:)<\/p>\n","protected":false},"excerpt":{"rendered":"<p>Der Schritt zur Verwirklichung Der Traum vom Fliegen begeistert mich seit Kindesalter. Anfangs waren es die kleinen Modellflugzeuge, die ihre Kreise \u00fcber dem Platz drehten. Mit der Leidenschaft zu PC<\/p>\n<p class=\"more-link\"><a href=\"http:\/\/www.a320simulator.at\/?page_id=1757\" class=\"themebutton2\">Read More<\/a><\/p>\n","protected":false},"author":1,"featured_media":0,"parent":747,"menu_order":0,"comment_status":"closed","ping_status":"closed","template":"","meta":{"footnotes":""},"class_list":["post-1757","page","type-page","status-publish","hentry"],"_links":{"self":[{"href":"http:\/\/www.a320simulator.at\/index.php?rest_route=\/wp\/v2\/pages\/1757","targetHints":{"allow":["GET"]}}],"collection":[{"href":"http:\/\/www.a320simulator.at\/index.php?rest_route=\/wp\/v2\/pages"}],"about":[{"href":"http:\/\/www.a320simulator.at\/index.php?rest_route=\/wp\/v2\/types\/page"}],"author":[{"embeddable":true,"href":"http:\/\/www.a320simulator.at\/index.php?rest_route=\/wp\/v2\/users\/1"}],"replies":[{"embeddable":true,"href":"http:\/\/www.a320simulator.at\/index.php?rest_route=%2Fwp%2Fv2%2Fcomments&post=1757"}],"version-history":[{"count":8,"href":"http:\/\/www.a320simulator.at\/index.php?rest_route=\/wp\/v2\/pages\/1757\/revisions"}],"predecessor-version":[{"id":1950,"href":"http:\/\/www.a320simulator.at\/index.php?rest_route=\/wp\/v2\/pages\/1757\/revisions\/1950"}],"up":[{"embeddable":true,"href":"http:\/\/www.a320simulator.at\/index.php?rest_route=\/wp\/v2\/pages\/747"}],"wp:attachment":[{"href":"http:\/\/www.a320simulator.at\/index.php?rest_route=%2Fwp%2Fv2%2Fmedia&parent=1757"}],"curies":[{"name":"wp","href":"https:\/\/api.w.org\/{rel}","templated":true}]}}