{"id":1745,"date":"2018-08-21T19:28:58","date_gmt":"2018-08-21T17:28:58","guid":{"rendered":"http:\/\/www.a320simulator.at\/?page_id=1745"},"modified":"2018-11-13T18:24:49","modified_gmt":"2018-11-13T16:24:49","slug":"der-simulator","status":"publish","type":"page","link":"http:\/\/www.a320simulator.at\/?page_id=1745","title":{"rendered":"Der Simulator"},"content":{"rendered":"<div class=\"post-content\">\n<h4><b>Der Flugsimulator im Rheintal<br \/>\n<\/b><\/h4>\n<div class=\"justify padding1a\">Der Fixed Base Simulator (nicht beweglich) wurde dem Vorbild\u00a0 A320 nachempfunden und mittels Kunststoffpanels eines spanischen Herstellers aufgebaut.<\/div>\n<div>Alle elektronischen Komponenten wurden selbst zusammengel\u00f6tet und angeschlossen.<\/div>\n<div>Die Simulation selbst wird mit Lockheed Martin P3D v4 betrieben, als Wetter-Engine wird auf AS16 zur\u00fcckgegriffen,<\/div>\n<div>was die Simulation noch realistischer werden l\u00e4sst.<\/div>\n<div>Bedienelemente und systemtechnische Zusammenh\u00e4nge werden mit einem Verbund von mehreren Rechnern betrieben um einen reibungslosen<\/div>\n<div>Betrieb zu gew\u00e4hrleisten.<\/div>\n<div>Mit dem Erscheinungsbild, das auf die 3,5m im Durchmesser aufgebauten 180\u00b0 Leinwand projeziert wir, erscheint es dem &#8222;Piloten&#8220;<\/div>\n<div>beinahe, ob dieser wirklich abhebt und durch die zus\u00e4tzlichen verbauten Bassshaker, die Vibrationen ausl\u00f6sen, wird der realistische Grad noch zus\u00e4tzlich gesteigert.<\/div>\n<div><\/div>\n<\/div>\n<div>\u00dcber ein Instruktionspanel k\u00f6nnen diverse Situationen nachgestellt werden, egal ob ein Triebwerksausfall, starke Seitenwinde, Turbulenzen,&#8230; alles kann auf Wunsch eingestellt und simuliert werden.<\/div>\n<div class=\"justify padding1a\"><\/div>\n<div><\/div>\n","protected":false},"excerpt":{"rendered":"<p>Der Flugsimulator im Rheintal Der Fixed Base Simulator (nicht beweglich) wurde dem Vorbild\u00a0 A320 nachempfunden und mittels Kunststoffpanels eines spanischen Herstellers aufgebaut. Alle elektronischen Komponenten wurden selbst zusammengel\u00f6tet und angeschlossen.<\/p>\n<p class=\"more-link\"><a href=\"http:\/\/www.a320simulator.at\/?page_id=1745\" class=\"themebutton2\">Read More<\/a><\/p>\n","protected":false},"author":1,"featured_media":0,"parent":747,"menu_order":0,"comment_status":"closed","ping_status":"closed","template":"","meta":{"footnotes":""},"class_list":["post-1745","page","type-page","status-publish","hentry"],"_links":{"self":[{"href":"http:\/\/www.a320simulator.at\/index.php?rest_route=\/wp\/v2\/pages\/1745","targetHints":{"allow":["GET"]}}],"collection":[{"href":"http:\/\/www.a320simulator.at\/index.php?rest_route=\/wp\/v2\/pages"}],"about":[{"href":"http:\/\/www.a320simulator.at\/index.php?rest_route=\/wp\/v2\/types\/page"}],"author":[{"embeddable":true,"href":"http:\/\/www.a320simulator.at\/index.php?rest_route=\/wp\/v2\/users\/1"}],"replies":[{"embeddable":true,"href":"http:\/\/www.a320simulator.at\/index.php?rest_route=%2Fwp%2Fv2%2Fcomments&post=1745"}],"version-history":[{"count":16,"href":"http:\/\/www.a320simulator.at\/index.php?rest_route=\/wp\/v2\/pages\/1745\/revisions"}],"predecessor-version":[{"id":1956,"href":"http:\/\/www.a320simulator.at\/index.php?rest_route=\/wp\/v2\/pages\/1745\/revisions\/1956"}],"up":[{"embeddable":true,"href":"http:\/\/www.a320simulator.at\/index.php?rest_route=\/wp\/v2\/pages\/747"}],"wp:attachment":[{"href":"http:\/\/www.a320simulator.at\/index.php?rest_route=%2Fwp%2Fv2%2Fmedia&parent=1745"}],"curies":[{"name":"wp","href":"https:\/\/api.w.org\/{rel}","templated":true}]}}