{"id":1275,"date":"2018-07-23T21:58:23","date_gmt":"2018-07-23T19:58:23","guid":{"rendered":"http:\/\/www.a320simulator.at\/?page_id=1275"},"modified":"2020-07-12T07:54:34","modified_gmt":"2020-07-12T05:54:34","slug":"statistik","status":"publish","type":"page","link":"http:\/\/www.a320simulator.at\/?page_id=1275","title":{"rendered":"Letzte Fl\u00fcge &#038; Statistik"},"content":{"rendered":"<p>Obwohl der Simulator noch nicht zur G\u00e4nze fertig gestellt ist, werden regelm\u00e4ssig Fl\u00fcge in der virtuellen Welt absolviert. Diese werden mittels FSkeeper aufgezeichnet und im Anschluss auf der Webseite ausgegeben. Hier sehen Sie die einzelnen Fl\u00fcge, die seit dem 20.07.2018 durchgef\u00fchrt wurden im \u00dcberblick.<\/p>\n<p>Augrund einer Serverumstellung wurden die Aufgezeichneten Fl\u00fcge im Zeitraum vom 20.07.2018-31.12.2019 Archiviert.<\/p>\n<p><strong>Flights: 154 \/ Flighttime: 246:06 \/ Flightdistance: 97154nm<\/strong><\/p>\n<p><a href=\"http:\/\/www.a320simulator.at\/?page_id=2032\">Fugplan<\/a><\/p>\n<p><iframe loading=\"lazy\" src=\"http:\/\/www.a320simulator.at\/vam\/vam\/vam\/1index.php?page=1pilot_details_web&amp;pilot_id=22\" width=\"724\" height=\"5200\" frameborder=\"0\" scrolling=\"no\"><span style=\"display: inline-block; width: 0px; overflow: hidden; line-height: 0;\" data-mce-type=\"bookmark\" class=\"mce_SELRES_start\">\ufeff<\/span><span style=\"display: inline-block; width: 0px; overflow: hidden; line-height: 0;\" data-mce-type=\"bookmark\" class=\"mce_SELRES_start\">\ufeff<\/span><span style=\"display: inline-block; width: 0px; overflow: hidden; line-height: 0;\" data-mce-type=\"bookmark\" class=\"mce_SELRES_start\">\ufeff<\/span><span style=\"display: inline-block; width: 0px; overflow: hidden; line-height: 0;\" data-mce-type=\"bookmark\" class=\"mce_SELRES_start\">\ufeff<\/span><span style=\"display: inline-block; width: 0px; overflow: hidden; line-height: 0;\" data-mce-type=\"bookmark\" class=\"mce_SELRES_start\">\ufeff<\/span><span style=\"display: inline-block; width: 0px; overflow: hidden; line-height: 0;\" data-mce-type=\"bookmark\" class=\"mce_SELRES_start\">\ufeff<\/span><span style=\"display: inline-block; width: 0px; overflow: hidden; line-height: 0;\" data-mce-type=\"bookmark\" class=\"mce_SELRES_start\">\ufeff<\/span><span style=\"display: inline-block; width: 0px; overflow: hidden; line-height: 0;\" data-mce-type=\"bookmark\" class=\"mce_SELRES_start\">\ufeff<\/span><span style=\"display: inline-block; width: 0px; overflow: hidden; line-height: 0;\" data-mce-type=\"bookmark\" class=\"mce_SELRES_start\">\ufeff<\/span><\/iframe><\/p>\n","protected":false},"excerpt":{"rendered":"<p>Obwohl der Simulator noch nicht zur G\u00e4nze fertig gestellt ist, werden regelm\u00e4ssig Fl\u00fcge in der virtuellen Welt absolviert. Diese werden mittels FSkeeper aufgezeichnet und im Anschluss auf der Webseite ausgegeben.<\/p>\n<p class=\"more-link\"><a href=\"http:\/\/www.a320simulator.at\/?page_id=1275\" class=\"themebutton2\">Read More<\/a><\/p>\n","protected":false},"author":1,"featured_media":0,"parent":0,"menu_order":0,"comment_status":"closed","ping_status":"closed","template":"","meta":{"footnotes":""},"class_list":["post-1275","page","type-page","status-publish","hentry"],"_links":{"self":[{"href":"http:\/\/www.a320simulator.at\/index.php?rest_route=\/wp\/v2\/pages\/1275","targetHints":{"allow":["GET"]}}],"collection":[{"href":"http:\/\/www.a320simulator.at\/index.php?rest_route=\/wp\/v2\/pages"}],"about":[{"href":"http:\/\/www.a320simulator.at\/index.php?rest_route=\/wp\/v2\/types\/page"}],"author":[{"embeddable":true,"href":"http:\/\/www.a320simulator.at\/index.php?rest_route=\/wp\/v2\/users\/1"}],"replies":[{"embeddable":true,"href":"http:\/\/www.a320simulator.at\/index.php?rest_route=%2Fwp%2Fv2%2Fcomments&post=1275"}],"version-history":[{"count":52,"href":"http:\/\/www.a320simulator.at\/index.php?rest_route=\/wp\/v2\/pages\/1275\/revisions"}],"predecessor-version":[{"id":2174,"href":"http:\/\/www.a320simulator.at\/index.php?rest_route=\/wp\/v2\/pages\/1275\/revisions\/2174"}],"wp:attachment":[{"href":"http:\/\/www.a320simulator.at\/index.php?rest_route=%2Fwp%2Fv2%2Fmedia&parent=1275"}],"curies":[{"name":"wp","href":"https:\/\/api.w.org\/{rel}","templated":true}]}}